{"id":990,"date":"2018-03-02T11:40:39","date_gmt":"2018-03-02T10:40:39","guid":{"rendered":"http:\/\/bas.tirol\/vorgeschichte\/"},"modified":"2018-05-10T13:28:47","modified_gmt":"2018-05-10T11:28:47","slug":"vorgeschichte","status":"publish","type":"page","link":"https:\/\/bas.tirol\/la\/vorgeschichte\/","title":{"rendered":"Ntraunides danora"},"content":{"rendered":"<p>Der \u201eS\u00fcdtirol-Konflikt\u201c hat seinen Ursprung in der Besetzung S\u00fcdtirols durch Italien nach dem Ersten Weltkrieg im November 1918 und der faschistischen Macht\u00fcbernahme in Italien im Jahr 1922. Die Ma\u00dfnahmen der faschistischen Regierung unter Benito Mussolini zur \u201eItalianisierung\u201c S\u00fcdtirols und zur \u201eMajorisierung\u201c durch die Massenzuwanderung italienischer Staatsb\u00fcrger sowie die zwischen Hitler und Mussolini ausgehandelte \u201eOption\u201c brachte die deutschsprachige S\u00fcdtiroler Bev\u00f6lkerung in arge Bedr\u00e4ngnis.<\/p>\n<p>Nach dem Zweiten Weltkrieg setzte Italien die Politik der \u201eMajorisierung\u201c fort, was 1957 zur Versammlung der S\u00fcdtiroler auf der Burg Sigmundskron und zur Gr\u00fcndung des \u201eBefreiungsausschusses S\u00fcdtirol\u201c \u2013 BAS \u2013 f\u00fchrte.<\/p>\n","protected":false},"excerpt":{"rendered":"<p>Der \u201eS\u00fcdtirol-Konflikt\u201c hat seinen Ursprung in der Besetzung S\u00fcdtirols durch Italien nach dem Ersten Weltkrieg im November 1918 und der faschistischen Macht\u00fcbernahme in Italien im Jahr 1922. Die Ma\u00dfnahmen der [&hellip;]<\/p>\n","protected":false},"author":1,"featured_media":64,"parent":0,"menu_order":0,"comment_status":"closed","ping_status":"closed","template":"template-hauptseiten.php","meta":[],"acf":[],"jetpack_shortlink":"https:\/\/wp.me\/P9J5jr-fY","_links":{"self":[{"href":"https:\/\/bas.tirol\/la\/wp-json\/wp\/v2\/pages\/990"}],"collection":[{"href":"https:\/\/bas.tirol\/la\/wp-json\/wp\/v2\/pages"}],"about":[{"href":"https:\/\/bas.tirol\/la\/wp-json\/wp\/v2\/types\/page"}],"author":[{"embeddable":true,"href":"https:\/\/bas.tirol\/la\/wp-json\/wp\/v2\/users\/1"}],"replies":[{"embeddable":true,"href":"https:\/\/bas.tirol\/la\/wp-json\/wp\/v2\/comments?post=990"}],"version-history":[{"count":3,"href":"https:\/\/bas.tirol\/la\/wp-json\/wp\/v2\/pages\/990\/revisions"}],"predecessor-version":[{"id":1896,"href":"https:\/\/bas.tirol\/la\/wp-json\/wp\/v2\/pages\/990\/revisions\/1896"}],"wp:featuredmedia":[{"embeddable":true,"href":"https:\/\/bas.tirol\/la\/wp-json\/wp\/v2\/media\/64"}],"wp:attachment":[{"href":"https:\/\/bas.tirol\/la\/wp-json\/wp\/v2\/media?parent=990"}],"curies":[{"name":"wp","href":"https:\/\/api.w.org\/{rel}","templated":true}]}}